{"id":94,"date":"2019-06-07T16:00:50","date_gmt":"2019-06-07T15:00:50","guid":{"rendered":"http:\/\/flomoncenis.com\/blog\/?page_id=94"},"modified":"2020-05-06T09:46:41","modified_gmt":"2020-05-06T08:46:41","slug":"flomoncenis-com","status":"publish","type":"page","link":"https:\/\/flomoncenis.com\/blog\/","title":{"rendered":"flomoncenis.com"},"content":{"rendered":"<p>[et_pb_section fb_built=\u00a0\u00bb1&Prime; _builder_version=\u00a0\u00bb3.22.7&Prime; background_image=\u00a0\u00bbhttp:\/\/flomoncenis.com\/blog\/wp-content\/uploads\/2019\/06\/barrebleue1280.png\u00a0\u00bb background_size=\u00a0\u00bbinitial\u00a0\u00bb background_position=\u00a0\u00bbtop_left\u00a0\u00bb background_repeat=\u00a0\u00bbrepeat-y\u00a0\u00bb][et_pb_row _builder_version=\u00a0\u00bb4.4.5&Prime; hover_enabled=\u00a0\u00bb0&Prime; disabled_on=\u00a0\u00bboff|off|off\u00a0\u00bb][et_pb_column type=\u00a0\u00bb4_4&Prime; _builder_version=\u00a0\u00bb3.25&Prime; custom_padding=\u00a0\u00bb|||\u00a0\u00bb custom_padding__hover=\u00a0\u00bb|||\u00a0\u00bb][et_pb_text _builder_version=\u00a0\u00bb3.27.4&Prime; text_font=\u00a0\u00bbAbel|700||on|||||\u00a0\u00bb text_text_color=\u00a0\u00bb#719cb0&Prime; text_font_size=\u00a0\u00bb42px\u00a0\u00bb text_letter_spacing=\u00a0\u00bb2px\u00a0\u00bb text_line_height=\u00a0\u00bb1.6em\u00a0\u00bb text_orientation=\u00a0\u00bbcenter\u00a0\u00bb text_font_size_tablet=\u00a0\u00bb\u00a0\u00bb text_font_size_phone=\u00a0\u00bb26px\u00a0\u00bb text_font_size_last_edited=\u00a0\u00bbon|desktop\u00a0\u00bb]<\/p>\n<p><span>pictural . color\u00e9 . spontan\u00e9<\/span><\/p>\n<p>[\/et_pb_text][\/et_pb_column][\/et_pb_row][et_pb_row _builder_version=\u00a0\u00bb4.4.5&Prime; hover_enabled=\u00a0\u00bb0&Prime; disabled_on=\u00a0\u00bboff|off|off\u00a0\u00bb scroll_vertical_motion_enable=\u00a0\u00bboff\u00a0\u00bb][et_pb_column type=\u00a0\u00bb4_4&Prime; _builder_version=\u00a0\u00bb3.25&Prime; custom_padding=\u00a0\u00bb|||\u00a0\u00bb custom_padding__hover=\u00a0\u00bb|||\u00a0\u00bb][et_pb_slider _builder_version=\u00a0\u00bb3.22.7&Prime; header_font=\u00a0\u00bb||||||||\u00a0\u00bb background_image=\u00a0\u00bbhttp:\/\/flomoncenis.com\/blog\/wp-content\/uploads\/2019\/06\/mariage_MD_Paris_flomoncenis-161.jpg\u00a0\u00bb background_size=\u00a0\u00bbinitial\u00a0\u00bb width_tablet=\u00a0\u00bb\u00a0\u00bb width_phone=\u00a0\u00bb\u00a0\u00bb width_last_edited=\u00a0\u00bbon|phone\u00a0\u00bb module_alignment=\u00a0\u00bbcenter\u00a0\u00bb height=\u00a0\u00bb616px\u00a0\u00bb height_tablet=\u00a0\u00bb\u00a0\u00bb height_phone=\u00a0\u00bb\u00a0\u00bb height_last_edited=\u00a0\u00bbon|phone\u00a0\u00bb link_option_url=\u00a0\u00bbhttps:\/\/flomoncenis.com\/blog\/mariage\/\u00a0\u00bb][et_pb_slide heading=\u00a0\u00bbMARIAGE\u00a0\u00bb use_bg_overlay=\u00a0\u00bboff\u00a0\u00bb _builder_version=\u00a0\u00bb3.22.7&Prime; header_font=\u00a0\u00bbAbel|700|||||||\u00a0\u00bb header_font_size=\u00a0\u00bb76px\u00a0\u00bb background_color=\u00a0\u00bb#ffffff\u00a0\u00bb link_option_url=\u00a0\u00bbhttps:\/\/flomoncenis.com\/blog\/mariage\/\u00a0\u00bb hover_enabled=\u00a0\u00bb0&Prime; header_font_size_tablet=\u00a0\u00bb\u00a0\u00bb header_font_size_phone=\u00a0\u00bb56px\u00a0\u00bb header_font_size_last_edited=\u00a0\u00bbon|phone\u00a0\u00bb][\/et_pb_slide][\/et_pb_slider][et_pb_button button_url=\u00a0\u00bbhttps:\/\/flomoncenis.com\/blog\/mariage\/\u00a0\u00bb button_text=\u00a0\u00bbd\u00e9couvrir\u00a0\u00bb button_alignment=\u00a0\u00bbcenter\u00a0\u00bb _builder_version=\u00a0\u00bb3.22.7&Prime; custom_button=\u00a0\u00bbon\u00a0\u00bb button_bg_color=\u00a0\u00bb#719cb0&Prime; button_font=\u00a0\u00bbAbel|||on|||||\u00a0\u00bb background_layout=\u00a0\u00bbdark\u00a0\u00bb][\/et_pb_button][\/et_pb_column][\/et_pb_row][et_pb_row _builder_version=\u00a0\u00bb4.4.5&Prime; hover_enabled=\u00a0\u00bb0&Prime; disabled_on=\u00a0\u00bboff|off|off\u00a0\u00bb][et_pb_column type=\u00a0\u00bb4_4&Prime; _builder_version=\u00a0\u00bb3.25&Prime; custom_padding=\u00a0\u00bb|||\u00a0\u00bb custom_padding__hover=\u00a0\u00bb|||\u00a0\u00bb][et_pb_slider show_arrows=\u00a0\u00bboff\u00a0\u00bb show_pagination=\u00a0\u00bboff\u00a0\u00bb _builder_version=\u00a0\u00bb3.22.7&Prime; header_font=\u00a0\u00bb||||||||\u00a0\u00bb background_color=\u00a0\u00bb#ffffff\u00a0\u00bb background_image=\u00a0\u00bbhttp:\/\/flomoncenis.com\/blog\/wp-content\/uploads\/2019\/06\/flomoncenis_holy_lvmh_paris001&#8211;e1560268596674.jpg\u00a0\u00bb background_size=\u00a0\u00bbinitial\u00a0\u00bb width_tablet=\u00a0\u00bb\u00a0\u00bb width_phone=\u00a0\u00bb\u00a0\u00bb width_last_edited=\u00a0\u00bbon|phone\u00a0\u00bb module_alignment=\u00a0\u00bbcenter\u00a0\u00bb height=\u00a0\u00bb661px\u00a0\u00bb height_tablet=\u00a0\u00bb\u00a0\u00bb height_phone=\u00a0\u00bb\u00a0\u00bb height_last_edited=\u00a0\u00bbon|phone\u00a0\u00bb header_font_size_tablet=\u00a0\u00bb\u00a0\u00bb header_font_size_phone=\u00a0\u00bb7px\u00a0\u00bb header_font_size_last_edited=\u00a0\u00bbon|phone\u00a0\u00bb][et_pb_slide heading=\u00a0\u00bbREPORTAGES\u00a0\u00bb use_bg_overlay=\u00a0\u00bboff\u00a0\u00bb _builder_version=\u00a0\u00bb3.22.7&Prime; header_font=\u00a0\u00bbAbel|700|||||||\u00a0\u00bb header_font_size=\u00a0\u00bb75px\u00a0\u00bb header_font_size_tablet=\u00a0\u00bb\u00a0\u00bb header_font_size_phone=\u00a0\u00bb57px\u00a0\u00bb header_font_size_last_edited=\u00a0\u00bbon|desktop\u00a0\u00bb]<\/p>\n<p>Site en cours de cr\u00e9ation<\/p>\n<p>[\/et_pb_slide][\/et_pb_slider][\/et_pb_column][\/et_pb_row][\/et_pb_section]<\/p>\n","protected":false},"excerpt":{"rendered":"<p>pictural . color\u00e9 . spontan\u00e9Site en cours de cr\u00e9ation<\/p>\n","protected":false},"author":5,"featured_media":69,"parent":0,"menu_order":0,"comment_status":"closed","ping_status":"closed","template":"","meta":{"_et_pb_use_builder":"on","_et_pb_old_content":"","_et_gb_content_width":""},"yoast_head":"<!-- This site is optimized with the Yoast SEO plugin v19.8 - https:\/\/yoast.com\/wordpress\/plugins\/seo\/ -->\n<title>D\u00e9couvrez la photographe Flo Moncenis | flomoncenis.com<\/title>\n<meta name=\"description\" content=\"Besoin d&#039;un reportage photo au style moderne et vivant pour votre entreprise, votre ONG ou pour votre mariage, Flo Moncenis photography est l\u00e0 pour vous !\" \/>\n<meta name=\"robots\" content=\"index, follow, max-snippet:-1, max-image-preview:large, max-video-preview:-1\" \/>\n<link rel=\"canonical\" href=\"https:\/\/flomoncenis.com\/blog\/\" \/>\n<meta property=\"og:locale\" content=\"fr_FR\" \/>\n<meta property=\"og:type\" content=\"article\" \/>\n<meta property=\"og:title\" content=\"D\u00e9couvrez la photographe Flo Moncenis | flomoncenis.com\" \/>\n<meta property=\"og:description\" content=\"Besoin d&#039;un reportage photo au style moderne et vivant pour votre entreprise, votre ONG ou pour votre mariage, Flo Moncenis photography est l\u00e0 pour vous !\" \/>\n<meta property=\"og:url\" content=\"https:\/\/flomoncenis.com\/blog\/\" \/>\n<meta property=\"og:site_name\" content=\"Flo Moncenis photography\" \/>\n<meta property=\"article:modified_time\" content=\"2020-05-06T08:46:41+00:00\" \/>\n<meta property=\"og:image\" content=\"https:\/\/flomoncenis.com\/blog\/wp-content\/uploads\/2019\/06\/flomoncenis_holy_lvmh_paris001--e1560268596674.jpg\" \/>\n\t<meta property=\"og:image:width\" content=\"1000\" \/>\n\t<meta property=\"og:image:height\" content=\"667\" \/>\n\t<meta property=\"og:image:type\" content=\"image\/jpeg\" \/>\n<meta name=\"twitter:card\" content=\"summary_large_image\" \/>\n<meta name=\"twitter:label1\" content=\"Dur\u00e9e de lecture estim\u00e9e\" \/>\n\t<meta name=\"twitter:data1\" content=\"2 minutes\" \/>\n<script type=\"application\/ld+json\" class=\"yoast-schema-graph\">{\"@context\":\"https:\/\/schema.org\",\"@graph\":[{\"@type\":\"WebPage\",\"@id\":\"https:\/\/flomoncenis.com\/blog\/\",\"url\":\"https:\/\/flomoncenis.com\/blog\/\",\"name\":\"D\u00e9couvrez la photographe Flo Moncenis | flomoncenis.com\",\"isPartOf\":{\"@id\":\"https:\/\/flomoncenis.com\/blog\/#website\"},\"datePublished\":\"2019-06-07T15:00:50+00:00\",\"dateModified\":\"2020-05-06T08:46:41+00:00\",\"description\":\"Besoin d'un reportage photo au style moderne et vivant pour votre entreprise, votre ONG ou pour votre mariage, Flo Moncenis photography est l\u00e0 pour vous !\",\"breadcrumb\":{\"@id\":\"https:\/\/flomoncenis.com\/blog\/#breadcrumb\"},\"inLanguage\":\"fr-FR\",\"potentialAction\":[{\"@type\":\"ReadAction\",\"target\":[\"https:\/\/flomoncenis.com\/blog\/\"]}]},{\"@type\":\"BreadcrumbList\",\"@id\":\"https:\/\/flomoncenis.com\/blog\/#breadcrumb\",\"itemListElement\":[{\"@type\":\"ListItem\",\"position\":1,\"name\":\"Accueil\",\"item\":\"https:\/\/flomoncenis.com\/blog\/\"},{\"@type\":\"ListItem\",\"position\":2,\"name\":\"flomoncenis.com\"}]},{\"@type\":\"WebSite\",\"@id\":\"https:\/\/flomoncenis.com\/blog\/#website\",\"url\":\"https:\/\/flomoncenis.com\/blog\/\",\"name\":\"Flo Moncenis photography\",\"description\":\"\",\"potentialAction\":[{\"@type\":\"SearchAction\",\"target\":{\"@type\":\"EntryPoint\",\"urlTemplate\":\"https:\/\/flomoncenis.com\/blog\/?s={search_term_string}\"},\"query-input\":\"required name=search_term_string\"}],\"inLanguage\":\"fr-FR\"}]}<\/script>\n<!-- \/ Yoast SEO plugin. -->","yoast_head_json":{"title":"D\u00e9couvrez la photographe Flo Moncenis | flomoncenis.com","description":"Besoin d'un reportage photo au style moderne et vivant pour votre entreprise, votre ONG ou pour votre mariage, Flo Moncenis photography est l\u00e0 pour vous !","robots":{"index":"index","follow":"follow","max-snippet":"max-snippet:-1","max-image-preview":"max-image-preview:large","max-video-preview":"max-video-preview:-1"},"canonical":"https:\/\/flomoncenis.com\/blog\/","og_locale":"fr_FR","og_type":"article","og_title":"D\u00e9couvrez la photographe Flo Moncenis | flomoncenis.com","og_description":"Besoin d'un reportage photo au style moderne et vivant pour votre entreprise, votre ONG ou pour votre mariage, Flo Moncenis photography est l\u00e0 pour vous !","og_url":"https:\/\/flomoncenis.com\/blog\/","og_site_name":"Flo Moncenis photography","article_modified_time":"2020-05-06T08:46:41+00:00","og_image":[{"width":1000,"height":667,"url":"https:\/\/flomoncenis.com\/blog\/wp-content\/uploads\/2019\/06\/flomoncenis_holy_lvmh_paris001--e1560268596674.jpg","type":"image\/jpeg"}],"twitter_card":"summary_large_image","twitter_misc":{"Dur\u00e9e de lecture estim\u00e9e":"2 minutes"},"schema":{"@context":"https:\/\/schema.org","@graph":[{"@type":"WebPage","@id":"https:\/\/flomoncenis.com\/blog\/","url":"https:\/\/flomoncenis.com\/blog\/","name":"D\u00e9couvrez la photographe Flo Moncenis | flomoncenis.com","isPartOf":{"@id":"https:\/\/flomoncenis.com\/blog\/#website"},"datePublished":"2019-06-07T15:00:50+00:00","dateModified":"2020-05-06T08:46:41+00:00","description":"Besoin d'un reportage photo au style moderne et vivant pour votre entreprise, votre ONG ou pour votre mariage, Flo Moncenis photography est l\u00e0 pour vous !","breadcrumb":{"@id":"https:\/\/flomoncenis.com\/blog\/#breadcrumb"},"inLanguage":"fr-FR","potentialAction":[{"@type":"ReadAction","target":["https:\/\/flomoncenis.com\/blog\/"]}]},{"@type":"BreadcrumbList","@id":"https:\/\/flomoncenis.com\/blog\/#breadcrumb","itemListElement":[{"@type":"ListItem","position":1,"name":"Accueil","item":"https:\/\/flomoncenis.com\/blog\/"},{"@type":"ListItem","position":2,"name":"flomoncenis.com"}]},{"@type":"WebSite","@id":"https:\/\/flomoncenis.com\/blog\/#website","url":"https:\/\/flomoncenis.com\/blog\/","name":"Flo Moncenis photography","description":"","potentialAction":[{"@type":"SearchAction","target":{"@type":"EntryPoint","urlTemplate":"https:\/\/flomoncenis.com\/blog\/?s={search_term_string}"},"query-input":"required name=search_term_string"}],"inLanguage":"fr-FR"}]}},"_links":{"self":[{"href":"https:\/\/flomoncenis.com\/blog\/wp-json\/wp\/v2\/pages\/94"}],"collection":[{"href":"https:\/\/flomoncenis.com\/blog\/wp-json\/wp\/v2\/pages"}],"about":[{"href":"https:\/\/flomoncenis.com\/blog\/wp-json\/wp\/v2\/types\/page"}],"author":[{"embeddable":true,"href":"https:\/\/flomoncenis.com\/blog\/wp-json\/wp\/v2\/users\/5"}],"replies":[{"embeddable":true,"href":"https:\/\/flomoncenis.com\/blog\/wp-json\/wp\/v2\/comments?post=94"}],"version-history":[{"count":17,"href":"https:\/\/flomoncenis.com\/blog\/wp-json\/wp\/v2\/pages\/94\/revisions"}],"predecessor-version":[{"id":146,"href":"https:\/\/flomoncenis.com\/blog\/wp-json\/wp\/v2\/pages\/94\/revisions\/146"}],"wp:featuredmedia":[{"embeddable":true,"href":"https:\/\/flomoncenis.com\/blog\/wp-json\/wp\/v2\/media\/69"}],"wp:attachment":[{"href":"https:\/\/flomoncenis.com\/blog\/wp-json\/wp\/v2\/media?parent=94"}],"curies":[{"name":"wp","href":"https:\/\/api.w.org\/{rel}","templated":true}]}}