{"id":834,"date":"2016-09-26T14:48:08","date_gmt":"2016-09-26T13:48:08","guid":{"rendered":"https:\/\/flomoncenis.com\/blog\/mariage\/?page_id=834"},"modified":"2019-05-22T16:35:23","modified_gmt":"2019-05-22T14:35:23","slug":"contact","status":"publish","type":"page","link":"https:\/\/flomoncenis.com\/blog\/mariage\/contact\/","title":{"rendered":"Contact"},"content":{"rendered":"<p>[et_pb_section fb_built=\u00a0\u00bb1&Prime; _builder_version=\u00a0\u00bb3.22.7&Prime; background_image=\u00a0\u00bbhttps:\/\/flomoncenis.com\/blog\/mariage\/wp-content\/uploads\/sites\/2\/2019\/05\/barreverte1280.png\u00a0\u00bb background_size=\u00a0\u00bbinitial\u00a0\u00bb background_position=\u00a0\u00bbtop_left\u00a0\u00bb custom_padding=\u00a0\u00bb||12px|||\u00a0\u00bb global_module=\u00a0\u00bb2523&Prime; saved_tabs=\u00a0\u00bball\u00a0\u00bb][et_pb_row custom_padding=\u00a0\u00bb|||0px||\u00a0\u00bb _builder_version=\u00a0\u00bb3.22.7&Prime;][et_pb_column type=\u00a0\u00bb3_5&Prime; _builder_version=\u00a0\u00bb3.22.7&Prime;][et_pb_image src=\u00a0\u00bbhttps:\/\/flomoncenis.com\/blog\/mariage\/wp-content\/uploads\/sites\/2\/2019\/05\/logovert.png\u00a0\u00bb url=\u00a0\u00bb@ET-DC@eyJkeW5hbWljIjp0cnVlLCJjb250ZW50IjoiaG9tZV91cmwiLCJzZXR0aW5ncyI6e319@\u00a0\u00bb _builder_version=\u00a0\u00bb3.22.7&Prime; _dynamic_attributes=\u00a0\u00bburl\u00a0\u00bb width=\u00a0\u00bb300px\u00a0\u00bb width_last_edited=\u00a0\u00bbon|phone\u00a0\u00bb custom_margin=\u00a0\u00bb|||0px||\u00a0\u00bb][\/et_pb_image][\/et_pb_column][et_pb_column type=\u00a0\u00bb1_5&Prime; _builder_version=\u00a0\u00bb3.22.7&Prime;][et_pb_image src=\u00a0\u00bbhttps:\/\/flomoncenis.com\/blog\/mariage\/wp-content\/uploads\/sites\/2\/2019\/05\/icone.png\u00a0\u00bb align=\u00a0\u00bbright\u00a0\u00bb disabled_on=\u00a0\u00bbon|on|off\u00a0\u00bb _builder_version=\u00a0\u00bb3.22.7&Prime; width=\u00a0\u00bb130px\u00a0\u00bb width_tablet=\u00a0\u00bb130px\u00a0\u00bb width_phone=\u00a0\u00bb130px\u00a0\u00bb width_last_edited=\u00a0\u00bbon|phone\u00a0\u00bb custom_margin_phone=\u00a0\u00bb0px||0px|0px\u00a0\u00bb custom_margin_last_edited=\u00a0\u00bbon|desktop\u00a0\u00bb width__hover_enabled=\u00a0\u00bbon\u00a0\u00bb][\/et_pb_image][\/et_pb_column][et_pb_column type=\u00a0\u00bb1_5&Prime; _builder_version=\u00a0\u00bb3.22.7&Prime;][et_pb_text disabled_on=\u00a0\u00bbon|on|off\u00a0\u00bb _builder_version=\u00a0\u00bb3.22.7&Prime; text_font=\u00a0\u00bbAbel||||||||\u00a0\u00bb text_font_size_last_edited=\u00a0\u00bbon|desktop\u00a0\u00bb text_line_height=\u00a0\u00bb1.3em\u00a0\u00bb header_font=\u00a0\u00bb||||||||\u00a0\u00bb custom_margin=\u00a0\u00bb|||-80px\u00a0\u00bb custom_margin_phone=\u00a0\u00bb0px|||0px\u00a0\u00bb custom_margin_last_edited=\u00a0\u00bbon|phone\u00a0\u00bb]<\/p>\n<p><a href=\"https:\/\/flomoncenis.com\/blog\/mariage\/portfolio\/\">PORTFOLIO<\/a><br \/> <a href=\"https:\/\/flomoncenis.com\/blog\/mariage\/approche\/\">APPROCHE<\/a><br \/> <a href=\"https:\/\/flomoncenis.com\/blog\/mariage\/photo-diary\/\">PHOTO DIARY<\/a><br \/> <a href=\"https:\/\/flomoncenis.com\/blog\/mariage\/stories\/\">STORIES<\/a><br \/> <a href=\"https:\/\/flomoncenis.com\/blog\/mariage\/blog\/\">BLOG<\/a><br \/> <a href=\"https:\/\/flomoncenis.com\/blog\/mariage\/prestations-et-tarifs\/\">PRESTATIONS ET TARIFS<br \/> <\/a><a href=\"https:\/\/flomoncenis.com\/blog\/mariage\/temoignages\/\">TEMOIGNAGES<\/a><a href=\"https:\/\/flomoncenis.com\/blog\/mariage\/prestations-et-tarifs\/\"><\/a><br \/> <a href=\"https:\/\/flomoncenis.com\/gallery\/\" target=\"_blank\" rel=\"noopener noreferrer\">ACCES CLIENTS<\/a><br \/><a href=\"https:\/\/flomoncenis.com\/blog\/mariage\/contact\/\" title=\"Demande de contact\">CONTACT<\/a><\/p>\n<p>[\/et_pb_text][\/et_pb_column][\/et_pb_row][\/et_pb_section][et_pb_section fb_built=\u00a0\u00bb1&Prime; admin_label=\u00a0\u00bbsection\u00a0\u00bb _builder_version=\u00a0\u00bb3.22.7&Prime; background_image=\u00a0\u00bbhttps:\/\/flomoncenis.com\/blog\/mariage\/wp-content\/uploads\/sites\/2\/2019\/05\/barreverte1280.png\u00a0\u00bb background_size=\u00a0\u00bbinitial\u00a0\u00bb background_position=\u00a0\u00bbtop_left\u00a0\u00bb custom_padding=\u00a0\u00bb12px|||||\u00a0\u00bb][et_pb_row _builder_version=\u00a0\u00bb3.22.7&Prime;][et_pb_column type=\u00a0\u00bb4_4&Prime; _builder_version=\u00a0\u00bb3.22.7&Prime;][et_pb_text _builder_version=\u00a0\u00bb3.22.7&Prime;]<\/p>\n<p>Je vous invite \u00e0 d\u00e9couvrir mon <a href=\"https:\/\/flomoncenis.com\/blog\/mariage\/portfolio\/\" target=\"_blank\" rel=\"noopener noreferrer\">portfolio<\/a> pour d\u00e9vouvrir mon style photographique, mon blog pour voir des exemples de reportages ainsi que mon <a href=\"https:\/\/flomoncenis.com\/blog\/mariage\/approche\/\" target=\"_blank\" rel=\"noopener noreferrer\">approche photographique<\/a> et le d\u00e9tail de mes <a href=\"https:\/\/flomoncenis.com\/blog\/mariage\/prestations-et-tarifs\/\" target=\"_blank\" rel=\"noopener noreferrer\">prestations et tarifs<\/a>.<\/p>\n<p>Si vous avez encore des questions, n&rsquo;h\u00e9sitez pas \u00e0 m&rsquo;envoyer un mail \u00e0 l&rsquo;adresse <a href=\"mailto:contact@florencemoncenis.fr\">contact[@]florencemoncenis.com.<\/a><\/p>\n<p>[\/et_pb_text][\/et_pb_column][\/et_pb_row][et_pb_row _builder_version=\u00a0\u00bb3.22.7&Prime;][et_pb_column type=\u00a0\u00bb4_4&Prime; _builder_version=\u00a0\u00bb3.22.7&Prime;][et_pb_contact_form _builder_version=\u00a0\u00bb3.22.7&Prime; custom_button=\u00a0\u00bbon\u00a0\u00bb button_text_color=\u00a0\u00bb#ffffff\u00a0\u00bb button_font=\u00a0\u00bb||||||||\u00a0\u00bb button_icon=\u00a0\u00bb%%36%%\u00a0\u00bb][et_pb_contact_field field_id=\u00a0\u00bbName\u00a0\u00bb field_title=\u00a0\u00bbNom\u00a0\u00bb _builder_version=\u00a0\u00bb3.16&Prime; border_radii=\u00a0\u00bbon||||\u00a0\u00bb button_text_size__hover_enabled=\u00a0\u00bboff\u00a0\u00bb button_one_text_size__hover_enabled=\u00a0\u00bboff\u00a0\u00bb button_two_text_size__hover_enabled=\u00a0\u00bboff\u00a0\u00bb button_text_color__hover_enabled=\u00a0\u00bboff\u00a0\u00bb button_one_text_color__hover_enabled=\u00a0\u00bboff\u00a0\u00bb button_two_text_color__hover_enabled=\u00a0\u00bboff\u00a0\u00bb button_border_width__hover_enabled=\u00a0\u00bboff\u00a0\u00bb button_one_border_width__hover_enabled=\u00a0\u00bboff\u00a0\u00bb button_two_border_width__hover_enabled=\u00a0\u00bboff\u00a0\u00bb button_border_color__hover_enabled=\u00a0\u00bboff\u00a0\u00bb button_one_border_color__hover_enabled=\u00a0\u00bboff\u00a0\u00bb button_two_border_color__hover_enabled=\u00a0\u00bboff\u00a0\u00bb button_border_radius__hover_enabled=\u00a0\u00bboff\u00a0\u00bb button_one_border_radius__hover_enabled=\u00a0\u00bboff\u00a0\u00bb button_two_border_radius__hover_enabled=\u00a0\u00bboff\u00a0\u00bb button_letter_spacing__hover_enabled=\u00a0\u00bboff\u00a0\u00bb button_one_letter_spacing__hover_enabled=\u00a0\u00bboff\u00a0\u00bb button_two_letter_spacing__hover_enabled=\u00a0\u00bboff\u00a0\u00bb button_bg_color__hover_enabled=\u00a0\u00bboff\u00a0\u00bb button_one_bg_color__hover_enabled=\u00a0\u00bboff\u00a0\u00bb button_two_bg_color__hover_enabled=\u00a0\u00bboff\u00a0\u00bb][\/et_pb_contact_field][et_pb_contact_field field_id=\u00a0\u00bbEmail\u00a0\u00bb field_title=\u00a0\u00bbAdresse e-mail\u00a0\u00bb field_type=\u00a0\u00bbemail\u00a0\u00bb _builder_version=\u00a0\u00bb3.16&Prime; border_radii=\u00a0\u00bbon||||\u00a0\u00bb button_text_size__hover_enabled=\u00a0\u00bboff\u00a0\u00bb button_one_text_size__hover_enabled=\u00a0\u00bboff\u00a0\u00bb button_two_text_size__hover_enabled=\u00a0\u00bboff\u00a0\u00bb button_text_color__hover_enabled=\u00a0\u00bboff\u00a0\u00bb button_one_text_color__hover_enabled=\u00a0\u00bboff\u00a0\u00bb button_two_text_color__hover_enabled=\u00a0\u00bboff\u00a0\u00bb button_border_width__hover_enabled=\u00a0\u00bboff\u00a0\u00bb button_one_border_width__hover_enabled=\u00a0\u00bboff\u00a0\u00bb button_two_border_width__hover_enabled=\u00a0\u00bboff\u00a0\u00bb button_border_color__hover_enabled=\u00a0\u00bboff\u00a0\u00bb button_one_border_color__hover_enabled=\u00a0\u00bboff\u00a0\u00bb button_two_border_color__hover_enabled=\u00a0\u00bboff\u00a0\u00bb button_border_radius__hover_enabled=\u00a0\u00bboff\u00a0\u00bb button_one_border_radius__hover_enabled=\u00a0\u00bboff\u00a0\u00bb button_two_border_radius__hover_enabled=\u00a0\u00bboff\u00a0\u00bb button_letter_spacing__hover_enabled=\u00a0\u00bboff\u00a0\u00bb button_one_letter_spacing__hover_enabled=\u00a0\u00bboff\u00a0\u00bb button_two_letter_spacing__hover_enabled=\u00a0\u00bboff\u00a0\u00bb button_bg_color__hover_enabled=\u00a0\u00bboff\u00a0\u00bb button_one_bg_color__hover_enabled=\u00a0\u00bboff\u00a0\u00bb button_two_bg_color__hover_enabled=\u00a0\u00bboff\u00a0\u00bb][\/et_pb_contact_field][et_pb_contact_field field_id=\u00a0\u00bbDate_de_l&rsquo;\u00e9v\u00e9nement\u00a0\u00bb field_title=\u00a0\u00bbQuelle est la date de l&rsquo;\u00e9v\u00e9nement ?\u00a0\u00bb fullwidth_field=\u00a0\u00bbon\u00a0\u00bb _builder_version=\u00a0\u00bb3.22.7&Prime;][\/et_pb_contact_field][et_pb_contact_field field_id=\u00a0\u00bbType_d&rsquo;\u00e9v\u00e9nement\u00a0\u00bb field_title=\u00a0\u00bbDe quel type d&rsquo;\u00e9v\u00e9nement s&rsquo;agit-il ? (mariage civil, reportage famille, mariage \u00e0 l&rsquo;\u00e9tranger&#8230;.)\u00a0\u00bb fullwidth_field=\u00a0\u00bbon\u00a0\u00bb _builder_version=\u00a0\u00bb3.22.7&Prime;][\/et_pb_contact_field][et_pb_contact_field field_id=\u00a0\u00bbMessage\u00a0\u00bb field_title=\u00a0\u00bbMessage\u00a0\u00bb field_type=\u00a0\u00bbtext\u00a0\u00bb fullwidth_field=\u00a0\u00bbon\u00a0\u00bb _builder_version=\u00a0\u00bb3.22.7&Prime;][\/et_pb_contact_field][et_pb_contact_field field_id=\u00a0\u00bbComment_m&rsquo;avez-vous_connue_?\u00a0\u00bb field_title=\u00a0\u00bbComment m&rsquo;avez-vous connue ?\u00a0\u00bb field_type=\u00a0\u00bbselect\u00a0\u00bb select_options=\u00a0\u00bb%91{%22value%22:%22Internet%22,%22checked%22:0,%22dragID%22:-1},{%22value%22:%22Blog%22,%22checked%22:0,%22dragID%22:1},{%22value%22:%22Annuaire mariage%22,%22checked%22:0,%22dragID%22:2},{%22value%22:%22Bouche \u00e0 oreille%22,%22checked%22:0,%22dragID%22:3}%93&Prime; required_mark=\u00a0\u00bboff\u00a0\u00bb fullwidth_field=\u00a0\u00bbon\u00a0\u00bb _builder_version=\u00a0\u00bb3.22.7&Prime;][\/et_pb_contact_field][\/et_pb_contact_form][\/et_pb_column][\/et_pb_row][\/et_pb_section][et_pb_section fb_built=\u00a0\u00bb1&Prime; _builder_version=\u00a0\u00bb3.22.7&Prime; background_color=\u00a0\u00bb#e8f4f1&Prime; min_height=\u00a0\u00bb297px\u00a0\u00bb custom_margin=\u00a0\u00bb0px|||||\u00a0\u00bb global_module=\u00a0\u00bb2555&Prime; saved_tabs=\u00a0\u00bball\u00a0\u00bb][et_pb_row _builder_version=\u00a0\u00bb3.22.7&Prime;][et_pb_column type=\u00a0\u00bb1_3&Prime; _builder_version=\u00a0\u00bb3.22.7&Prime;][et_pb_image src=\u00a0\u00bbhttps:\/\/flomoncenis.com\/blog\/mariage\/wp-content\/uploads\/sites\/2\/2019\/05\/logovert.png\u00a0\u00bb _builder_version=\u00a0\u00bb3.22.7&Prime; width=\u00a0\u00bb250px\u00a0\u00bb][\/et_pb_image][\/et_pb_column][et_pb_column type=\u00a0\u00bb1_3&Prime; _builder_version=\u00a0\u00bb3.22.7&Prime;][et_pb_social_media_follow _builder_version=\u00a0\u00bb3.22.7&Prime; text_orientation=\u00a0\u00bbcenter\u00a0\u00bb custom_margin=\u00a0\u00bb38px||\u00a0\u00bb custom_margin_last_edited=\u00a0\u00bbon|phone\u00a0\u00bb][et_pb_social_media_follow_network social_network=\u00a0\u00bbfacebook\u00a0\u00bb url=\u00a0\u00bbhttps:\/\/www.facebook.com\/flomoncenisphotography\u00a0\u00bb _builder_version=\u00a0\u00bb3.22.7&Prime; background_color=\u00a0\u00bb#d83931&Prime; follow_button=\u00a0\u00bboff\u00a0\u00bb url_new_window=\u00a0\u00bbon\u00a0\u00bb]facebook[\/et_pb_social_media_follow_network][et_pb_social_media_follow_network social_network=\u00a0\u00bbpinterest\u00a0\u00bb url=\u00a0\u00bbhttps:\/\/www.pinterest.fr\/flomoncenis\/\u00a0\u00bb _builder_version=\u00a0\u00bb3.22.7&Prime; background_color=\u00a0\u00bb#d83931&Prime; follow_button=\u00a0\u00bboff\u00a0\u00bb url_new_window=\u00a0\u00bbon\u00a0\u00bb]pinterest[\/et_pb_social_media_follow_network][et_pb_social_media_follow_network social_network=\u00a0\u00bbinstagram\u00a0\u00bb url=\u00a0\u00bbhttps:\/\/www.instagram.com\/flo_moncenis\/\u00a0\u00bb _builder_version=\u00a0\u00bb3.22.7&Prime; background_color=\u00a0\u00bb#d83931&Prime; follow_button=\u00a0\u00bboff\u00a0\u00bb url_new_window=\u00a0\u00bbon\u00a0\u00bb]instagram[\/et_pb_social_media_follow_network][\/et_pb_social_media_follow][\/et_pb_column][et_pb_column type=\u00a0\u00bb1_3&Prime; _builder_version=\u00a0\u00bb3.22.7&Prime;][et_pb_text _builder_version=\u00a0\u00bb3.22.7&Prime; text_font=\u00a0\u00bb||||||||\u00a0\u00bb custom_margin=\u00a0\u00bb20px||\u00a0\u00bb custom_margin_tablet=\u00a0\u00bb0px|||95px\u00a0\u00bb custom_margin_phone=\u00a0\u00bb|||1px\u00a0\u00bb custom_margin_last_edited=\u00a0\u00bbon|phone\u00a0\u00bb]<\/p>\n<p><span style=\"color: #333333;\"><a href=\"https:\/\/flomoncenis.com\/blog\/mariage\/liens-et-partenaires\/\" target=\"_blank\" rel=\"noopener noreferrer\" style=\"color: #333333;\">Partenaires<\/a><\/span><br \/><span style=\"color: #333333;\"> <a href=\"https:\/\/flomoncenis.com\/blog\/mariage\/copyright-mentions-legales\/\" target=\"_blank\" rel=\"noopener noreferrer\" style=\"color: #333333;\">Mentions l\u00e9gales<\/a><\/span><br \/><span style=\"color: #333333;\"> <a href=\"https:\/\/flomoncenis.com\/blog\/mariage\/politique-de-confidentialite\/\" target=\"_blank\" rel=\"noopener noreferrer\" style=\"color: #333333;\">Politique de confidentialit\u00e9<\/a><\/span><\/p>\n<p>[\/et_pb_text][\/et_pb_column][\/et_pb_row][\/et_pb_section]<\/p>\n","protected":false},"excerpt":{"rendered":"<p>PORTFOLIO APPROCHE PHOTO DIARY STORIES BLOG PRESTATIONS ET TARIFS TEMOIGNAGES ACCES CLIENTSCONTACTJe vous invite \u00e0 d\u00e9couvrir mon portfolio pour d\u00e9vouvrir mon style photographique, mon blog pour voir des exemples de reportages ainsi que mon approche photographique et le d\u00e9tail de mes prestations et tarifs. Si vous avez encore des questions, n&rsquo;h\u00e9sitez pas \u00e0 m&rsquo;envoyer un [&hellip;]<\/p>\n","protected":false},"author":1,"featured_media":12,"parent":0,"menu_order":0,"comment_status":"closed","ping_status":"closed","template":"","meta":{"_et_pb_use_builder":"on","_et_pb_old_content":"&nbsp;\r\n<h2 style=\"line-height: 20px;\">[flo_image_text image_url=\"https:\/\/flomoncenis.com\/blog\/mariage\/wp-content\/uploads\/sites\/2\/2015\/08\/me-bdef.jpg\" img_position=\"left\" img_width=\"40\" ] Je vous invite \u00e0 parcourir mes diff\u00e9rents <a href=\"https:\/\/flomoncenis.com\/blog\/mariage\/gallery-category\/portfolio-mariage\/\"><strong>portfolio<\/strong>s<\/a> pour d\u00e9couvrir mon style photographique, mon <strong><a href=\"https:\/\/flomoncenis.com\/blog\/mariage\/blog\/\">blog<\/a><\/strong> pour voir des exemples de reportage, ainsi que <strong><a href=\"https:\/\/flomoncenis.com\/blog\/mariage\/approche\/\">mon approche photographique<\/a><\/strong> et le d\u00e9tail de mes <strong><a href=\"https:\/\/flomoncenis.com\/blog\/mariage\/tarifs-reportage\/\">prestations et tarifs<\/a><\/strong>.\r\nSi vous avez des questions qui n\u2019ont pas trouv\u00e9es de r\u00e9ponses, contactez-moi par mail \u00e0 l'adresse contact[@]flomoncenis.com ou en remplissant le formulaire ci-dessous.\r\nRien ne vaut un vrai \u00e9change, alors n'h\u00e9sitez pas ! [\/flo_image_text]<\/h2>\r\n&nbsp;\r\n\r\n[contact-form-7 id=\"1047\" title=\"formulaire contact_copy\"]","_et_gb_content_width":""},"yoast_head":"<!-- This site is optimized with the Yoast SEO plugin v19.8 - https:\/\/yoast.com\/wordpress\/plugins\/seo\/ -->\n<title>Contacter la photographe pour votre mariage - Florence Moncenis<\/title>\n<meta name=\"description\" content=\"Vous pr\u00e9parez votre mariage et \u00eates \u00e0 la recherche du photographe qui r\u00e9alisera votre reportage ? Florence Moncenis saura r\u00e9pondre \u00e0 toutes vos questions.\" \/>\n<meta name=\"robots\" content=\"index, follow, max-snippet:-1, max-image-preview:large, max-video-preview:-1\" \/>\n<link rel=\"canonical\" href=\"https:\/\/flomoncenis.com\/blog\/mariage\/contact\/\" \/>\n<meta property=\"og:locale\" content=\"fr_FR\" \/>\n<meta property=\"og:type\" content=\"article\" \/>\n<meta property=\"og:title\" content=\"Contacter la photographe pour votre mariage - Florence Moncenis\" \/>\n<meta property=\"og:description\" content=\"Vous pr\u00e9parez votre mariage et \u00eates \u00e0 la recherche du photographe qui r\u00e9alisera votre reportage ? Florence Moncenis saura r\u00e9pondre \u00e0 toutes vos questions.\" \/>\n<meta property=\"og:url\" content=\"https:\/\/flomoncenis.com\/blog\/mariage\/contact\/\" \/>\n<meta property=\"og:site_name\" content=\"Flo Moncenis Photography\" \/>\n<meta property=\"article:modified_time\" content=\"2019-05-22T14:35:23+00:00\" \/>\n<meta property=\"og:image\" content=\"https:\/\/flomoncenis.com\/blog\/mariage\/wp-content\/uploads\/sites\/2\/2015\/08\/me-bdef.jpg\" \/>\n\t<meta property=\"og:image:width\" content=\"999\" \/>\n\t<meta property=\"og:image:height\" content=\"662\" \/>\n\t<meta property=\"og:image:type\" content=\"image\/jpeg\" \/>\n<meta name=\"twitter:card\" content=\"summary_large_image\" \/>\n<meta name=\"twitter:label1\" content=\"Dur\u00e9e de lecture estim\u00e9e\" \/>\n\t<meta name=\"twitter:data1\" content=\"5 minutes\" \/>\n<script type=\"application\/ld+json\" class=\"yoast-schema-graph\">{\"@context\":\"https:\/\/schema.org\",\"@graph\":[{\"@type\":\"WebPage\",\"@id\":\"https:\/\/flomoncenis.com\/blog\/mariage\/contact\/\",\"url\":\"https:\/\/flomoncenis.com\/blog\/mariage\/contact\/\",\"name\":\"Contacter la photographe pour votre mariage - Florence Moncenis\",\"isPartOf\":{\"@id\":\"https:\/\/flomoncenis.com\/blog\/mariage\/#website\"},\"datePublished\":\"2016-09-26T13:48:08+00:00\",\"dateModified\":\"2019-05-22T14:35:23+00:00\",\"description\":\"Vous pr\u00e9parez votre mariage et \u00eates \u00e0 la recherche du photographe qui r\u00e9alisera votre reportage ? Florence Moncenis saura r\u00e9pondre \u00e0 toutes vos questions.\",\"breadcrumb\":{\"@id\":\"https:\/\/flomoncenis.com\/blog\/mariage\/contact\/#breadcrumb\"},\"inLanguage\":\"fr-FR\",\"potentialAction\":[{\"@type\":\"ReadAction\",\"target\":[\"https:\/\/flomoncenis.com\/blog\/mariage\/contact\/\"]}]},{\"@type\":\"BreadcrumbList\",\"@id\":\"https:\/\/flomoncenis.com\/blog\/mariage\/contact\/#breadcrumb\",\"itemListElement\":[{\"@type\":\"ListItem\",\"position\":1,\"name\":\"Accueil\",\"item\":\"https:\/\/flomoncenis.com\/blog\/mariage\/\"},{\"@type\":\"ListItem\",\"position\":2,\"name\":\"Contact\"}]},{\"@type\":\"WebSite\",\"@id\":\"https:\/\/flomoncenis.com\/blog\/mariage\/#website\",\"url\":\"https:\/\/flomoncenis.com\/blog\/mariage\/\",\"name\":\"Flo Moncenis Photography\",\"description\":\"Flo Moncenis - photographe mariage, reportages photos\",\"potentialAction\":[{\"@type\":\"SearchAction\",\"target\":{\"@type\":\"EntryPoint\",\"urlTemplate\":\"https:\/\/flomoncenis.com\/blog\/mariage\/?s={search_term_string}\"},\"query-input\":\"required name=search_term_string\"}],\"inLanguage\":\"fr-FR\"}]}<\/script>\n<!-- \/ Yoast SEO plugin. -->","yoast_head_json":{"title":"Contacter la photographe pour votre mariage - Florence Moncenis","description":"Vous pr\u00e9parez votre mariage et \u00eates \u00e0 la recherche du photographe qui r\u00e9alisera votre reportage ? Florence Moncenis saura r\u00e9pondre \u00e0 toutes vos questions.","robots":{"index":"index","follow":"follow","max-snippet":"max-snippet:-1","max-image-preview":"max-image-preview:large","max-video-preview":"max-video-preview:-1"},"canonical":"https:\/\/flomoncenis.com\/blog\/mariage\/contact\/","og_locale":"fr_FR","og_type":"article","og_title":"Contacter la photographe pour votre mariage - Florence Moncenis","og_description":"Vous pr\u00e9parez votre mariage et \u00eates \u00e0 la recherche du photographe qui r\u00e9alisera votre reportage ? Florence Moncenis saura r\u00e9pondre \u00e0 toutes vos questions.","og_url":"https:\/\/flomoncenis.com\/blog\/mariage\/contact\/","og_site_name":"Flo Moncenis Photography","article_modified_time":"2019-05-22T14:35:23+00:00","og_image":[{"width":999,"height":662,"url":"https:\/\/flomoncenis.com\/blog\/mariage\/wp-content\/uploads\/sites\/2\/2015\/08\/me-bdef.jpg","type":"image\/jpeg"}],"twitter_card":"summary_large_image","twitter_misc":{"Dur\u00e9e de lecture estim\u00e9e":"5 minutes"},"schema":{"@context":"https:\/\/schema.org","@graph":[{"@type":"WebPage","@id":"https:\/\/flomoncenis.com\/blog\/mariage\/contact\/","url":"https:\/\/flomoncenis.com\/blog\/mariage\/contact\/","name":"Contacter la photographe pour votre mariage - Florence Moncenis","isPartOf":{"@id":"https:\/\/flomoncenis.com\/blog\/mariage\/#website"},"datePublished":"2016-09-26T13:48:08+00:00","dateModified":"2019-05-22T14:35:23+00:00","description":"Vous pr\u00e9parez votre mariage et \u00eates \u00e0 la recherche du photographe qui r\u00e9alisera votre reportage ? Florence Moncenis saura r\u00e9pondre \u00e0 toutes vos questions.","breadcrumb":{"@id":"https:\/\/flomoncenis.com\/blog\/mariage\/contact\/#breadcrumb"},"inLanguage":"fr-FR","potentialAction":[{"@type":"ReadAction","target":["https:\/\/flomoncenis.com\/blog\/mariage\/contact\/"]}]},{"@type":"BreadcrumbList","@id":"https:\/\/flomoncenis.com\/blog\/mariage\/contact\/#breadcrumb","itemListElement":[{"@type":"ListItem","position":1,"name":"Accueil","item":"https:\/\/flomoncenis.com\/blog\/mariage\/"},{"@type":"ListItem","position":2,"name":"Contact"}]},{"@type":"WebSite","@id":"https:\/\/flomoncenis.com\/blog\/mariage\/#website","url":"https:\/\/flomoncenis.com\/blog\/mariage\/","name":"Flo Moncenis Photography","description":"Flo Moncenis - photographe mariage, reportages photos","potentialAction":[{"@type":"SearchAction","target":{"@type":"EntryPoint","urlTemplate":"https:\/\/flomoncenis.com\/blog\/mariage\/?s={search_term_string}"},"query-input":"required name=search_term_string"}],"inLanguage":"fr-FR"}]}},"_links":{"self":[{"href":"https:\/\/flomoncenis.com\/blog\/mariage\/wp-json\/wp\/v2\/pages\/834"}],"collection":[{"href":"https:\/\/flomoncenis.com\/blog\/mariage\/wp-json\/wp\/v2\/pages"}],"about":[{"href":"https:\/\/flomoncenis.com\/blog\/mariage\/wp-json\/wp\/v2\/types\/page"}],"author":[{"embeddable":true,"href":"https:\/\/flomoncenis.com\/blog\/mariage\/wp-json\/wp\/v2\/users\/1"}],"replies":[{"embeddable":true,"href":"https:\/\/flomoncenis.com\/blog\/mariage\/wp-json\/wp\/v2\/comments?post=834"}],"version-history":[{"count":12,"href":"https:\/\/flomoncenis.com\/blog\/mariage\/wp-json\/wp\/v2\/pages\/834\/revisions"}],"predecessor-version":[{"id":3188,"href":"https:\/\/flomoncenis.com\/blog\/mariage\/wp-json\/wp\/v2\/pages\/834\/revisions\/3188"}],"wp:featuredmedia":[{"embeddable":true,"href":"https:\/\/flomoncenis.com\/blog\/mariage\/wp-json\/wp\/v2\/media\/12"}],"wp:attachment":[{"href":"https:\/\/flomoncenis.com\/blog\/mariage\/wp-json\/wp\/v2\/media?parent=834"}],"curies":[{"name":"wp","href":"https:\/\/api.w.org\/{rel}","templated":true}]}}