{"id":1694,"date":"2019-01-18T15:48:48","date_gmt":"2019-01-18T14:48:48","guid":{"rendered":"https:\/\/flomoncenis.com\/blog\/mariage\/?page_id=1694"},"modified":"2019-05-10T21:27:33","modified_gmt":"2019-05-10T19:27:33","slug":"politique-de-confidentialite","status":"publish","type":"page","link":"https:\/\/flomoncenis.com\/blog\/mariage\/politique-de-confidentialite\/","title":{"rendered":"Politique de confidentialit\u00e9"},"content":{"rendered":"<p>[et_pb_section fb_built=\u00a0\u00bb1&Prime; _builder_version=\u00a0\u00bb3.22.3&Prime; saved_tabs=\u00a0\u00bball\u00a0\u00bb global_module=\u00a0\u00bb2523&Prime;][et_pb_row _builder_version=\u00a0\u00bb3.22.7&Prime;][et_pb_column type=\u00a0\u00bb3_5&Prime; _builder_version=\u00a0\u00bb3.22.7&Prime;][et_pb_image src=\u00a0\u00bbhttps:\/\/flomoncenis.com\/blog\/mariage\/wp-content\/uploads\/sites\/2\/2019\/05\/logovert.png\u00a0\u00bb url=\u00a0\u00bb@ET-DC@eyJkeW5hbWljIjp0cnVlLCJjb250ZW50IjoiaG9tZV91cmwiLCJzZXR0aW5ncyI6e319@\u00a0\u00bb _builder_version=\u00a0\u00bb3.22.7&Prime; _dynamic_attributes=\u00a0\u00bburl\u00a0\u00bb width=\u00a0\u00bb380px\u00a0\u00bb width_phone=\u00a0\u00bb360px\u00a0\u00bb width_last_edited=\u00a0\u00bbon|phone\u00a0\u00bb][\/et_pb_image][\/et_pb_column][et_pb_column type=\u00a0\u00bb1_5&Prime; _builder_version=\u00a0\u00bb3.22.7&Prime;][et_pb_image src=\u00a0\u00bbhttps:\/\/flomoncenis.com\/blog\/mariage\/wp-content\/uploads\/sites\/2\/2019\/05\/icone.png\u00a0\u00bb align=\u00a0\u00bbright\u00a0\u00bb disabled_on=\u00a0\u00bbon|off|off\u00a0\u00bb _builder_version=\u00a0\u00bb3.22.7&Prime; width=\u00a0\u00bb170px\u00a0\u00bb width_tablet=\u00a0\u00bb170px\u00a0\u00bb width_phone=\u00a0\u00bb170px\u00a0\u00bb width_last_edited=\u00a0\u00bbon|tablet\u00a0\u00bb custom_margin_phone=\u00a0\u00bb0px||31px|7px\u00a0\u00bb custom_margin_last_edited=\u00a0\u00bbon|desktop\u00a0\u00bb width__hover_enabled=\u00a0\u00bbon\u00a0\u00bb][\/et_pb_image][\/et_pb_column][et_pb_column type=\u00a0\u00bb1_5&Prime; _builder_version=\u00a0\u00bb3.22.7&Prime;][et_pb_text _builder_version=\u00a0\u00bb3.22.7&Prime; text_font=\u00a0\u00bbAbel||||||||\u00a0\u00bb text_font_size_last_edited=\u00a0\u00bbon|desktop\u00a0\u00bb header_font=\u00a0\u00bb||||||||\u00a0\u00bb custom_margin=\u00a0\u00bb|||-80px\u00a0\u00bb custom_margin_phone=\u00a0\u00bb-248px|||172px\u00a0\u00bb custom_margin_last_edited=\u00a0\u00bbon|phone\u00a0\u00bb]<\/p>\n<p><a href=\"https:\/\/flomoncenis.com\/blog\/mariage\/portfolio\/\">PORTFOLIO<\/a><br \/> <a href=\"https:\/\/flomoncenis.com\/blog\/mariage\/approche\/\">APPROCHE<\/a><br \/> <a href=\"https:\/\/flomoncenis.com\/blog\/mariage\/stories\/\">STORIES<\/a><br \/> <a href=\"https:\/\/flomoncenis.com\/blog\/mariage\/photo-diary\/\">PHOTO DIARY<\/a><br \/> <a href=\"https:\/\/flomoncenis.com\/blog\/mariage\/prestations-et-tarifs\/\">PRESTATIONS ET TARIFS<\/a><br \/> <a href=\"https:\/\/flomoncenis.com\/gallery\/\" target=\"_blank\" rel=\"noopener noreferrer\">ACCES CLIENTS<\/a><br \/> <a href=\"https:\/\/flomoncenis.com\/blog\/mariage\/temoignages\/\">TEMOIGNAGES<\/a><\/p>\n<p>[\/et_pb_text][\/et_pb_column][\/et_pb_row][\/et_pb_section][et_pb_section fb_built=\u00a0\u00bb1&Prime; _builder_version=\u00a0\u00bb3.22.7&Prime;][et_pb_row _builder_version=\u00a0\u00bb3.22.7&Prime;][et_pb_column type=\u00a0\u00bb4_4&Prime; _builder_version=\u00a0\u00bb3.22.7&Prime;][et_pb_text _builder_version=\u00a0\u00bb3.22.7&Prime;]<\/p>\n<p><strong>Qui sommes-nous\u00a0?<\/strong><br \/>L\u2019adresse de notre site Web est\u00a0: https:\/\/flomoncenis.com\/blog\/mariage.<\/p>\n<p><strong>Utilisation des donn\u00e9es personnelles collect\u00e9es<\/strong><\/p>\n<p><strong>Commentaires<\/strong><br \/>Quand vous laissez un commentaire sur notre site web, les donn\u00e9es inscrites dans le formulaire de commentaire, mais aussi votre adresse IP et l\u2019agent utilisateur de votre navigateur sont collect\u00e9s pour nous aider \u00e0 la d\u00e9tection des commentaires ind\u00e9sirables.<\/p>\n<p>Une cha\u00eene anonymis\u00e9e cr\u00e9\u00e9e \u00e0 partir de votre adresse de messagerie (\u00e9galement appel\u00e9e hash) peut \u00eatre envoy\u00e9e au service Gravatar pour v\u00e9rifier si vous utilisez ce dernier. Les clauses de confidentialit\u00e9 du service Gravatar sont disponibles ici\u00a0: https:\/\/automattic.com\/privacy\/. Apr\u00e8s validation de votre commentaire, votre photo de profil sera visible publiquement \u00e0 cot\u00e9 de votre commentaire.<\/p>\n<p><strong>M\u00e9dias<\/strong><br \/>Si vous \u00eates un utilisateur ou une utilisatrice enregistr\u00e9\u00b7e et que vous t\u00e9l\u00e9versez des images sur le site web, nous vous conseillons d\u2019\u00e9viter de t\u00e9l\u00e9verser des images contenant des donn\u00e9es EXIF de coordonn\u00e9es GPS. Les visiteurs de votre site web peuvent t\u00e9l\u00e9charger et extraire des donn\u00e9es de localisation depuis ces images.<\/p>\n<p><strong>Formulaires de contact<\/strong><br \/>Cookies<br \/>Si vous d\u00e9posez un commentaire sur notre site, il vous sera propos\u00e9 d\u2019enregistrer votre nom, adresse de messagerie et site web dans des cookies. C\u2019est uniquement pour votre confort afin de ne pas avoir \u00e0 saisir ces informations si vous d\u00e9posez un autre commentaire plus tard. Ces cookies expirent au bout d\u2019un an.<\/p>\n<p>Si vous avez un compte et que vous vous connectez sur ce site, un cookie temporaire sera cr\u00e9\u00e9 afin de d\u00e9terminer si votre navigateur accepte les cookies. Il ne contient pas de donn\u00e9es personnelles et sera supprim\u00e9 automatiquement \u00e0 la fermeture de votre navigateur.<\/p>\n<p>Lorsque vous vous connecterez, nous mettrons en place un certain nombre de cookies pour enregistrer vos informations de connexion et vos pr\u00e9f\u00e9rences d\u2019\u00e9cran. La dur\u00e9e de vie d\u2019un cookie de connexion est de deux jours, celle d\u2019un cookie d\u2019option d\u2019\u00e9cran est d\u2019un an. Si vous cochez \u00ab\u00a0Se souvenir de moi\u00a0\u00bb, votre cookie de connexion sera conserv\u00e9 pendant deux semaines. Si vous vous d\u00e9connectez de votre compte, le cookie de connexion sera effac\u00e9.<\/p>\n<p>En modifiant ou en publiant une publication, un cookie suppl\u00e9mentaire sera enregistr\u00e9 dans votre navigateur. Ce cookie ne comprend aucune donn\u00e9e personnelle. Il indique simplement l\u2019ID de la publication que vous venez de modifier. Il expire au bout d\u2019un jour.<\/p>\n<p><strong>Contenu embarqu\u00e9 depuis d\u2019autres sites<\/strong><br \/>Les articles de ce site peuvent inclure des contenus int\u00e9gr\u00e9s (par exemple des vid\u00e9os, images, articles\u2026). Le contenu int\u00e9gr\u00e9 depuis d\u2019autres sites se comporte de la m\u00eame mani\u00e8re que si le visiteur se rendait sur cet autre site.<\/p>\n<p>Ces sites web pourraient collecter des donn\u00e9es sur vous, utiliser des cookies, embarquer des outils de suivis tiers, suivre vos interactions avec ces contenus embarqu\u00e9s si vous disposez d\u2019un compte connect\u00e9 sur leur site web.<\/p>\n<p><strong>Statistiques et mesures d\u2019audience<\/strong><br \/><strong>Utilisation et transmission de vos donn\u00e9es personnelles<\/strong><br \/><strong>Dur\u00e9es de stockage de vos donn\u00e9es<\/strong><br \/>Si vous laissez un commentaire, le commentaire et ses m\u00e9tadonn\u00e9es sont conserv\u00e9s ind\u00e9finiment. Cela permet de reconna\u00eetre et approuver automatiquement les commentaires suivants au lieu de les laisser dans la file de mod\u00e9ration.<\/p>\n<p>Pour les utilisateurs et utilisatrices qui s\u2019enregistrent sur notre site (si cela est possible), nous stockons \u00e9galement les donn\u00e9es personnelles indiqu\u00e9es dans leur profil. Tous les utilisateurs et utilisatrices peuvent voir, modifier ou supprimer leurs informations personnelles \u00e0 tout moment (\u00e0 l\u2019exception de leur nom d\u2019utilisateur\u00b7ice). Les gestionnaires du site peuvent aussi voir et modifier ces informations.<\/p>\n<p><strong>Les droits que vous avez sur vos donn\u00e9es<\/strong><br \/>Si vous avez un compte ou si vous avez laiss\u00e9 des commentaires sur le site, vous pouvez demander \u00e0 recevoir un fichier contenant toutes les donn\u00e9es personnelles que nous poss\u00e9dons \u00e0 votre sujet, incluant celles que vous nous avez fournies. Vous pouvez \u00e9galement demander la suppression des donn\u00e9es personnelles vous concernant. Cela ne prend pas en compte les donn\u00e9es stock\u00e9es \u00e0 des fins administratives, l\u00e9gales ou pour des raisons de s\u00e9curit\u00e9.<\/p>\n<p><strong>Transmission de vos donn\u00e9es personnelles<\/strong><br \/>Les commentaires des visiteurs peuvent \u00eatre v\u00e9rifi\u00e9s \u00e0 l\u2019aide d\u2019un service automatis\u00e9 de d\u00e9tection des commentaires ind\u00e9sirables.<\/p>\n<p><strong>Informations de contact<\/strong><br \/>Pour toute demande, veuillez adresser un mail \u00e0 contact@flomoncenis.com<\/p>\n<p>&nbsp;<\/p>\n<p>[\/et_pb_text][\/et_pb_column][\/et_pb_row][\/et_pb_section][et_pb_section fb_built=\u00a0\u00bb1&Prime; _builder_version=\u00a0\u00bb3.22.7&Prime; background_color=\u00a0\u00bb#e8f4f1&Prime; min_height=\u00a0\u00bb297px\u00a0\u00bb custom_margin=\u00a0\u00bb0px|||||\u00a0\u00bb saved_tabs=\u00a0\u00bball\u00a0\u00bb global_module=\u00a0\u00bb2555&Prime;][et_pb_row _builder_version=\u00a0\u00bb3.22.7&Prime;][et_pb_column type=\u00a0\u00bb1_3&Prime; _builder_version=\u00a0\u00bb3.22.7&Prime;][et_pb_image src=\u00a0\u00bbhttps:\/\/flomoncenis.com\/blog\/mariage\/wp-content\/uploads\/sites\/2\/2019\/05\/logovert.png\u00a0\u00bb _builder_version=\u00a0\u00bb3.22.7&Prime;][\/et_pb_image][\/et_pb_column][et_pb_column type=\u00a0\u00bb1_3&Prime; _builder_version=\u00a0\u00bb3.22.7&Prime;][et_pb_social_media_follow _builder_version=\u00a0\u00bb3.22.7&Prime; text_orientation=\u00a0\u00bbcenter\u00a0\u00bb custom_margin=\u00a0\u00bb38px||\u00a0\u00bb custom_margin_last_edited=\u00a0\u00bbon|phone\u00a0\u00bb][et_pb_social_media_follow_network social_network=\u00a0\u00bbfacebook\u00a0\u00bb url=\u00a0\u00bbhttps:\/\/www.facebook.com\/flomoncenisphotography\u00a0\u00bb _builder_version=\u00a0\u00bb3.22.7&Prime; background_color=\u00a0\u00bb#d83931&Prime; follow_button=\u00a0\u00bboff\u00a0\u00bb url_new_window=\u00a0\u00bbon\u00a0\u00bb]facebook[\/et_pb_social_media_follow_network][et_pb_social_media_follow_network social_network=\u00a0\u00bbpinterest\u00a0\u00bb url=\u00a0\u00bbhttps:\/\/www.pinterest.fr\/flomoncenis\/\u00a0\u00bb _builder_version=\u00a0\u00bb3.22.7&Prime; background_color=\u00a0\u00bb#d83931&Prime; follow_button=\u00a0\u00bboff\u00a0\u00bb url_new_window=\u00a0\u00bbon\u00a0\u00bb]pinterest[\/et_pb_social_media_follow_network][et_pb_social_media_follow_network social_network=\u00a0\u00bbinstagram\u00a0\u00bb url=\u00a0\u00bbhttps:\/\/www.instagram.com\/flo_moncenis\/\u00a0\u00bb _builder_version=\u00a0\u00bb3.22.7&Prime; background_color=\u00a0\u00bb#d83931&Prime; follow_button=\u00a0\u00bboff\u00a0\u00bb url_new_window=\u00a0\u00bbon\u00a0\u00bb]instagram[\/et_pb_social_media_follow_network][\/et_pb_social_media_follow][\/et_pb_column][et_pb_column type=\u00a0\u00bb1_3&Prime; _builder_version=\u00a0\u00bb3.22.7&Prime;][et_pb_text _builder_version=\u00a0\u00bb3.22.7&Prime; text_font=\u00a0\u00bb||||||||\u00a0\u00bb custom_margin=\u00a0\u00bb20px||\u00a0\u00bb custom_margin_tablet=\u00a0\u00bb0px|||95px\u00a0\u00bb custom_margin_phone=\u00a0\u00bb|||1px\u00a0\u00bb custom_margin_last_edited=\u00a0\u00bbon|phone\u00a0\u00bb]<\/p>\n<p><a href=\"https:\/\/flomoncenis.com\/blog\/mariage\/liens-et-partenaires\/\" target=\"_blank\" rel=\"noopener noreferrer\">Partenaires<\/a><br \/> Mentions l\u00e9gales<br \/> Politique de confidentialit\u00e9<\/p>\n<p>[\/et_pb_text][\/et_pb_column][\/et_pb_row][\/et_pb_section]<\/p>\n","protected":false},"excerpt":{"rendered":"<p>PORTFOLIO APPROCHE STORIES PHOTO DIARY PRESTATIONS ET TARIFS ACCES CLIENTS TEMOIGNAGESQui sommes-nous\u00a0?L\u2019adresse de notre site Web est\u00a0: https:\/\/flomoncenis.com\/blog\/mariage. Utilisation des donn\u00e9es personnelles collect\u00e9es CommentairesQuand vous laissez un commentaire sur notre site web, les donn\u00e9es inscrites dans le formulaire de commentaire, mais aussi votre adresse IP et l\u2019agent utilisateur de votre navigateur sont collect\u00e9s pour nous [&hellip;]<\/p>\n","protected":false},"author":1,"featured_media":0,"parent":0,"menu_order":0,"comment_status":"closed","ping_status":"closed","template":"","meta":{"_et_pb_use_builder":"on","_et_pb_old_content":"<h2>Qui sommes-nous\u00a0?<\/h2>\r\nL\u2019adresse de notre site Web est\u00a0: https:\/\/flomoncenis.com\/blog\/mariage.\r\n<h2>Utilisation des donn\u00e9es personnelles collect\u00e9es<\/h2>\r\n<h3>Commentaires<\/h3>\r\nQuand vous laissez un commentaire sur notre site web, les donn\u00e9es inscrites dans le formulaire de commentaire, mais aussi votre adresse IP et l\u2019agent utilisateur de votre navigateur sont collect\u00e9s pour nous aider \u00e0 la d\u00e9tection des commentaires ind\u00e9sirables.\r\n\r\nUne cha\u00eene anonymis\u00e9e cr\u00e9\u00e9e \u00e0 partir de votre adresse de messagerie (\u00e9galement appel\u00e9e hash) peut \u00eatre envoy\u00e9e au service Gravatar pour v\u00e9rifier si vous utilisez ce dernier. Les clauses de confidentialit\u00e9 du service Gravatar sont disponibles ici\u00a0: https:\/\/automattic.com\/privacy\/. Apr\u00e8s validation de votre commentaire, votre photo de profil sera visible publiquement \u00e0 cot\u00e9 de votre commentaire.\r\n<h3>M\u00e9dias<\/h3>\r\nSi vous \u00eates un utilisateur ou une utilisatrice enregistr\u00e9\u00b7e et que vous t\u00e9l\u00e9versez des images sur le site web, nous vous conseillons d\u2019\u00e9viter de t\u00e9l\u00e9verser des images contenant des donn\u00e9es EXIF de coordonn\u00e9es GPS. Les visiteurs de votre site web peuvent t\u00e9l\u00e9charger et extraire des donn\u00e9es de localisation depuis ces images.\r\n<h3>Formulaires de contact<\/h3>\r\n<h3>Cookies<\/h3>\r\nSi vous d\u00e9posez un commentaire sur notre site, il vous sera propos\u00e9 d\u2019enregistrer votre nom, adresse de messagerie et site web dans des cookies. C\u2019est uniquement pour votre confort afin de ne pas avoir \u00e0 saisir ces informations si vous d\u00e9posez un autre commentaire plus tard. Ces cookies expirent au bout d\u2019un an.\r\n\r\nSi vous avez un compte et que vous vous connectez sur ce site, un cookie temporaire sera cr\u00e9\u00e9 afin de d\u00e9terminer si votre navigateur accepte les cookies. Il ne contient pas de donn\u00e9es personnelles et sera supprim\u00e9 automatiquement \u00e0 la fermeture de votre navigateur.\r\n\r\nLorsque vous vous connecterez, nous mettrons en place un certain nombre de cookies pour enregistrer vos informations de connexion et vos pr\u00e9f\u00e9rences d\u2019\u00e9cran. La dur\u00e9e de vie d\u2019un cookie de connexion est de deux jours, celle d\u2019un cookie d\u2019option d\u2019\u00e9cran est d\u2019un an. Si vous cochez \u00ab\u00a0Se souvenir de moi\u00a0\u00bb, votre cookie de connexion sera conserv\u00e9 pendant deux semaines. Si vous vous d\u00e9connectez de votre compte, le cookie de connexion sera effac\u00e9.\r\n\r\nEn modifiant ou en publiant une publication, un cookie suppl\u00e9mentaire sera enregistr\u00e9 dans votre navigateur. Ce cookie ne comprend aucune donn\u00e9e personnelle. Il indique simplement l\u2019ID de la publication que vous venez de modifier. Il expire au bout d\u2019un jour.\r\n<h3>Contenu embarqu\u00e9 depuis d\u2019autres sites<\/h3>\r\nLes articles de ce site peuvent inclure des contenus int\u00e9gr\u00e9s (par exemple des vid\u00e9os, images, articles\u2026). Le contenu int\u00e9gr\u00e9 depuis d\u2019autres sites se comporte de la m\u00eame mani\u00e8re que si le visiteur se rendait sur cet autre site.\r\n\r\nCes sites web pourraient collecter des donn\u00e9es sur vous, utiliser des cookies, embarquer des outils de suivis tiers, suivre vos interactions avec ces contenus embarqu\u00e9s si vous disposez d\u2019un compte connect\u00e9 sur leur site web.\r\n<h3>Statistiques et mesures d\u2019audience<\/h3>\r\n<h2>Utilisation et transmission de vos donn\u00e9es personnelles<\/h2>\r\n<h2>Dur\u00e9es de stockage de vos donn\u00e9es<\/h2>\r\nSi vous laissez un commentaire, le commentaire et ses m\u00e9tadonn\u00e9es sont conserv\u00e9s ind\u00e9finiment. Cela permet de reconna\u00eetre et approuver automatiquement les commentaires suivants au lieu de les laisser dans la file de mod\u00e9ration.\r\n\r\nPour les utilisateurs et utilisatrices qui s\u2019enregistrent sur notre site (si cela est possible), nous stockons \u00e9galement les donn\u00e9es personnelles indiqu\u00e9es dans leur profil. Tous les utilisateurs et utilisatrices peuvent voir, modifier ou supprimer leurs informations personnelles \u00e0 tout moment (\u00e0 l\u2019exception de leur nom d\u2019utilisateur\u00b7ice). Les gestionnaires du site peuvent aussi voir et modifier ces informations.\r\n<h2>Les droits que vous avez sur vos donn\u00e9es<\/h2>\r\nSi vous avez un compte ou si vous avez laiss\u00e9 des commentaires sur le site, vous pouvez demander \u00e0 recevoir un fichier contenant toutes les donn\u00e9es personnelles que nous poss\u00e9dons \u00e0 votre sujet, incluant celles que vous nous avez fournies. Vous pouvez \u00e9galement demander la suppression des donn\u00e9es personnelles vous concernant. Cela ne prend pas en compte les donn\u00e9es stock\u00e9es \u00e0 des fins administratives, l\u00e9gales ou pour des raisons de s\u00e9curit\u00e9.\r\n<h2>Transmission de vos donn\u00e9es personnelles<\/h2>\r\nLes commentaires des visiteurs peuvent \u00eatre v\u00e9rifi\u00e9s \u00e0 l\u2019aide d\u2019un service automatis\u00e9 de d\u00e9tection des commentaires ind\u00e9sirables.\r\n<h2>Informations de contact<\/h2>\r\nPour toute demande, veuillez adresser un mail \u00e0 contact@flomoncenis.com\r\n<h3><\/h3>","_et_gb_content_width":""},"yoast_head":"<!-- This site is optimized with the Yoast SEO plugin v19.8 - https:\/\/yoast.com\/wordpress\/plugins\/seo\/ -->\n<title>Politique de confidentialit\u00e9 - Flo Moncenis Photography<\/title>\n<meta name=\"robots\" content=\"index, follow, max-snippet:-1, max-image-preview:large, max-video-preview:-1\" \/>\n<link rel=\"canonical\" href=\"https:\/\/flomoncenis.com\/blog\/mariage\/politique-de-confidentialite\/\" \/>\n<meta property=\"og:locale\" content=\"fr_FR\" \/>\n<meta property=\"og:type\" content=\"article\" \/>\n<meta property=\"og:title\" content=\"Politique de confidentialit\u00e9 - Flo Moncenis Photography\" \/>\n<meta property=\"og:description\" content=\"PORTFOLIO APPROCHE STORIES PHOTO DIARY PRESTATIONS ET TARIFS ACCES CLIENTS TEMOIGNAGESQui sommes-nous\u00a0?L\u2019adresse de notre site Web est\u00a0: https:\/\/flomoncenis.com\/blog\/mariage. Utilisation des donn\u00e9es personnelles collect\u00e9es CommentairesQuand vous laissez un commentaire sur notre site web, les donn\u00e9es inscrites dans le formulaire de commentaire, mais aussi votre adresse IP et l\u2019agent utilisateur de votre navigateur sont collect\u00e9s pour nous [&hellip;]\" \/>\n<meta property=\"og:url\" content=\"https:\/\/flomoncenis.com\/blog\/mariage\/politique-de-confidentialite\/\" \/>\n<meta property=\"og:site_name\" content=\"Flo Moncenis Photography\" \/>\n<meta property=\"article:modified_time\" content=\"2019-05-10T19:27:33+00:00\" \/>\n<meta name=\"twitter:card\" content=\"summary_large_image\" \/>\n<meta name=\"twitter:label1\" content=\"Dur\u00e9e de lecture estim\u00e9e\" \/>\n\t<meta name=\"twitter:data1\" content=\"6 minutes\" \/>\n<script type=\"application\/ld+json\" class=\"yoast-schema-graph\">{\"@context\":\"https:\/\/schema.org\",\"@graph\":[{\"@type\":\"WebPage\",\"@id\":\"https:\/\/flomoncenis.com\/blog\/mariage\/politique-de-confidentialite\/\",\"url\":\"https:\/\/flomoncenis.com\/blog\/mariage\/politique-de-confidentialite\/\",\"name\":\"Politique de confidentialit\u00e9 - Flo Moncenis Photography\",\"isPartOf\":{\"@id\":\"https:\/\/flomoncenis.com\/blog\/mariage\/#website\"},\"datePublished\":\"2019-01-18T14:48:48+00:00\",\"dateModified\":\"2019-05-10T19:27:33+00:00\",\"breadcrumb\":{\"@id\":\"https:\/\/flomoncenis.com\/blog\/mariage\/politique-de-confidentialite\/#breadcrumb\"},\"inLanguage\":\"fr-FR\",\"potentialAction\":[{\"@type\":\"ReadAction\",\"target\":[\"https:\/\/flomoncenis.com\/blog\/mariage\/politique-de-confidentialite\/\"]}]},{\"@type\":\"BreadcrumbList\",\"@id\":\"https:\/\/flomoncenis.com\/blog\/mariage\/politique-de-confidentialite\/#breadcrumb\",\"itemListElement\":[{\"@type\":\"ListItem\",\"position\":1,\"name\":\"Accueil\",\"item\":\"https:\/\/flomoncenis.com\/blog\/mariage\/\"},{\"@type\":\"ListItem\",\"position\":2,\"name\":\"Politique de confidentialit\u00e9\"}]},{\"@type\":\"WebSite\",\"@id\":\"https:\/\/flomoncenis.com\/blog\/mariage\/#website\",\"url\":\"https:\/\/flomoncenis.com\/blog\/mariage\/\",\"name\":\"Flo Moncenis Photography\",\"description\":\"Flo Moncenis - photographe mariage, reportages photos\",\"potentialAction\":[{\"@type\":\"SearchAction\",\"target\":{\"@type\":\"EntryPoint\",\"urlTemplate\":\"https:\/\/flomoncenis.com\/blog\/mariage\/?s={search_term_string}\"},\"query-input\":\"required name=search_term_string\"}],\"inLanguage\":\"fr-FR\"}]}<\/script>\n<!-- \/ Yoast SEO plugin. -->","yoast_head_json":{"title":"Politique de confidentialit\u00e9 - Flo Moncenis Photography","robots":{"index":"index","follow":"follow","max-snippet":"max-snippet:-1","max-image-preview":"max-image-preview:large","max-video-preview":"max-video-preview:-1"},"canonical":"https:\/\/flomoncenis.com\/blog\/mariage\/politique-de-confidentialite\/","og_locale":"fr_FR","og_type":"article","og_title":"Politique de confidentialit\u00e9 - Flo Moncenis Photography","og_description":"PORTFOLIO APPROCHE STORIES PHOTO DIARY PRESTATIONS ET TARIFS ACCES CLIENTS TEMOIGNAGESQui sommes-nous\u00a0?L\u2019adresse de notre site Web est\u00a0: https:\/\/flomoncenis.com\/blog\/mariage. Utilisation des donn\u00e9es personnelles collect\u00e9es CommentairesQuand vous laissez un commentaire sur notre site web, les donn\u00e9es inscrites dans le formulaire de commentaire, mais aussi votre adresse IP et l\u2019agent utilisateur de votre navigateur sont collect\u00e9s pour nous [&hellip;]","og_url":"https:\/\/flomoncenis.com\/blog\/mariage\/politique-de-confidentialite\/","og_site_name":"Flo Moncenis Photography","article_modified_time":"2019-05-10T19:27:33+00:00","twitter_card":"summary_large_image","twitter_misc":{"Dur\u00e9e de lecture estim\u00e9e":"6 minutes"},"schema":{"@context":"https:\/\/schema.org","@graph":[{"@type":"WebPage","@id":"https:\/\/flomoncenis.com\/blog\/mariage\/politique-de-confidentialite\/","url":"https:\/\/flomoncenis.com\/blog\/mariage\/politique-de-confidentialite\/","name":"Politique de confidentialit\u00e9 - Flo Moncenis Photography","isPartOf":{"@id":"https:\/\/flomoncenis.com\/blog\/mariage\/#website"},"datePublished":"2019-01-18T14:48:48+00:00","dateModified":"2019-05-10T19:27:33+00:00","breadcrumb":{"@id":"https:\/\/flomoncenis.com\/blog\/mariage\/politique-de-confidentialite\/#breadcrumb"},"inLanguage":"fr-FR","potentialAction":[{"@type":"ReadAction","target":["https:\/\/flomoncenis.com\/blog\/mariage\/politique-de-confidentialite\/"]}]},{"@type":"BreadcrumbList","@id":"https:\/\/flomoncenis.com\/blog\/mariage\/politique-de-confidentialite\/#breadcrumb","itemListElement":[{"@type":"ListItem","position":1,"name":"Accueil","item":"https:\/\/flomoncenis.com\/blog\/mariage\/"},{"@type":"ListItem","position":2,"name":"Politique de confidentialit\u00e9"}]},{"@type":"WebSite","@id":"https:\/\/flomoncenis.com\/blog\/mariage\/#website","url":"https:\/\/flomoncenis.com\/blog\/mariage\/","name":"Flo Moncenis Photography","description":"Flo Moncenis - photographe mariage, reportages photos","potentialAction":[{"@type":"SearchAction","target":{"@type":"EntryPoint","urlTemplate":"https:\/\/flomoncenis.com\/blog\/mariage\/?s={search_term_string}"},"query-input":"required name=search_term_string"}],"inLanguage":"fr-FR"}]}},"_links":{"self":[{"href":"https:\/\/flomoncenis.com\/blog\/mariage\/wp-json\/wp\/v2\/pages\/1694"}],"collection":[{"href":"https:\/\/flomoncenis.com\/blog\/mariage\/wp-json\/wp\/v2\/pages"}],"about":[{"href":"https:\/\/flomoncenis.com\/blog\/mariage\/wp-json\/wp\/v2\/types\/page"}],"author":[{"embeddable":true,"href":"https:\/\/flomoncenis.com\/blog\/mariage\/wp-json\/wp\/v2\/users\/1"}],"replies":[{"embeddable":true,"href":"https:\/\/flomoncenis.com\/blog\/mariage\/wp-json\/wp\/v2\/comments?post=1694"}],"version-history":[{"count":4,"href":"https:\/\/flomoncenis.com\/blog\/mariage\/wp-json\/wp\/v2\/pages\/1694\/revisions"}],"predecessor-version":[{"id":2872,"href":"https:\/\/flomoncenis.com\/blog\/mariage\/wp-json\/wp\/v2\/pages\/1694\/revisions\/2872"}],"wp:attachment":[{"href":"https:\/\/flomoncenis.com\/blog\/mariage\/wp-json\/wp\/v2\/media?parent=1694"}],"curies":[{"name":"wp","href":"https:\/\/api.w.org\/{rel}","templated":true}]}}